{"id":76,"date":"2022-08-22T15:46:56","date_gmt":"2022-08-22T15:46:56","guid":{"rendered":"https:\/\/azms.ch\/?page_id=76"},"modified":"2023-10-18T08:08:11","modified_gmt":"2023-10-18T08:08:11","slug":"links","status":"publish","type":"page","link":"https:\/\/azms.ch\/?page_id=76","title":{"rendered":"Links"},"content":{"rendered":"\n<figure class=\"wp-block-image size-full is-resized\"><a href=\"https:\/\/www.thp-hager.ch\/\" target=\"_blank\" rel=\"noreferrer noopener\"><img loading=\"lazy\" decoding=\"async\" width=\"372\" height=\"188\" src=\"https:\/\/azms.ch\/wp-content\/uploads\/2022\/10\/hager.png\" alt=\"\" class=\"wp-image-313\" style=\"width:372px;height:188px\" srcset=\"https:\/\/azms.ch\/wp-content\/uploads\/2022\/10\/hager.png 372w, https:\/\/azms.ch\/wp-content\/uploads\/2022\/10\/hager-300x152.png 300w\" sizes=\"auto, (max-width: 372px) 100vw, 372px\" \/><\/a><figcaption class=\"wp-element-caption\">Tierhom\u00f6opathie Hager &#8211; thp-hager.ch<\/figcaption><\/figure>\n\n\n\n<p><\/p>\n\n\n\n<figure class=\"wp-block-image size-large\"><a href=\"https:\/\/xn--frssegg-6waf.ch\/\" target=\"_blank\" rel=\"noreferrer noopener\"><img loading=\"lazy\" decoding=\"async\" width=\"1024\" height=\"316\" src=\"https:\/\/azms.ch\/wp-content\/uploads\/2022\/10\/image-1024x316.png\" alt=\"\" class=\"wp-image-311\" srcset=\"https:\/\/azms.ch\/wp-content\/uploads\/2022\/10\/image-1024x316.png 1024w, https:\/\/azms.ch\/wp-content\/uploads\/2022\/10\/image-300x93.png 300w, https:\/\/azms.ch\/wp-content\/uploads\/2022\/10\/image-768x237.png 768w, https:\/\/azms.ch\/wp-content\/uploads\/2022\/10\/image-1200x370.png 1200w, https:\/\/azms.ch\/wp-content\/uploads\/2022\/10\/image.png 1536w\" sizes=\"auto, (max-width: 1024px) 100vw, 1024px\" \/><\/a><\/figure>\n\n\n\n<p><\/p>\n\n\n\n<figure class=\"wp-block-image size-large\"><img loading=\"lazy\" decoding=\"async\" width=\"1024\" height=\"173\" src=\"https:\/\/azms.ch\/wp-content\/uploads\/2022\/10\/image-1-1024x173.png\" alt=\"\" class=\"wp-image-340\" srcset=\"https:\/\/azms.ch\/wp-content\/uploads\/2022\/10\/image-1-1024x173.png 1024w, https:\/\/azms.ch\/wp-content\/uploads\/2022\/10\/image-1-300x51.png 300w, https:\/\/azms.ch\/wp-content\/uploads\/2022\/10\/image-1-768x130.png 768w, https:\/\/azms.ch\/wp-content\/uploads\/2022\/10\/image-1-1536x260.png 1536w, https:\/\/azms.ch\/wp-content\/uploads\/2022\/10\/image-1-2048x347.png 2048w, https:\/\/azms.ch\/wp-content\/uploads\/2022\/10\/image-1-1200x203.png 1200w, https:\/\/azms.ch\/wp-content\/uploads\/2022\/10\/image-1-1980x335.png 1980w\" sizes=\"auto, (max-width: 1024px) 100vw, 1024px\" \/><figcaption class=\"wp-element-caption\"><a href=\"http:\/\/www.tierrettungsdienst.ch\" target=\"_blank\" rel=\"noreferrer noopener\">http:\/\/www.tierrettungsdienst.ch<\/a><\/figcaption><\/figure>\n\n\n\n<p><\/p>\n\n\n\n<figure class=\"wp-block-image size-full\"><img loading=\"lazy\" decoding=\"async\" width=\"421\" height=\"252\" src=\"https:\/\/azms.ch\/wp-content\/uploads\/2022\/10\/image-2.png\" alt=\"\" class=\"wp-image-342\" srcset=\"https:\/\/azms.ch\/wp-content\/uploads\/2022\/10\/image-2.png 421w, https:\/\/azms.ch\/wp-content\/uploads\/2022\/10\/image-2-300x180.png 300w\" sizes=\"auto, (max-width: 421px) 100vw, 421px\" \/><figcaption class=\"wp-element-caption\"><a href=\"https:\/\/www.pfotenhilfe-mogli.ch\/\" target=\"_blank\" rel=\"noreferrer noopener\">https:\/\/www.pfotenhilfe-mogli.ch\/<\/a><\/figcaption><\/figure>\n\n\n\n<p><\/p>\n\n\n\n<p><\/p>\n\n\n\n<p><\/p>\n\n\n\n<p><\/p>\n\n\n\n<p><\/p>\n\n\n\n<p><\/p>\n\n\n\n<pre class=\"wp-block-code\"><code>r<em>echtlicher Hinweis: AZMS \u00fcbernimmt keinerlei Haftung f\u00fcr die Inhalte externer Links. F\u00fcr den Inhalt der verlinkten Seiten sind einzig deren Betreiber verantwortlich.<\/em><\/code><\/pre>\n","protected":false},"excerpt":{"rendered":"","protected":false},"author":2,"featured_media":0,"parent":0,"menu_order":0,"comment_status":"closed","ping_status":"closed","template":"","meta":{"footnotes":""},"class_list":["post-76","page","type-page","status-publish","hentry"],"_links":{"self":[{"href":"https:\/\/azms.ch\/index.php?rest_route=\/wp\/v2\/pages\/76","targetHints":{"allow":["GET"]}}],"collection":[{"href":"https:\/\/azms.ch\/index.php?rest_route=\/wp\/v2\/pages"}],"about":[{"href":"https:\/\/azms.ch\/index.php?rest_route=\/wp\/v2\/types\/page"}],"author":[{"embeddable":true,"href":"https:\/\/azms.ch\/index.php?rest_route=\/wp\/v2\/users\/2"}],"replies":[{"embeddable":true,"href":"https:\/\/azms.ch\/index.php?rest_route=%2Fwp%2Fv2%2Fcomments&post=76"}],"version-history":[{"count":12,"href":"https:\/\/azms.ch\/index.php?rest_route=\/wp\/v2\/pages\/76\/revisions"}],"predecessor-version":[{"id":368,"href":"https:\/\/azms.ch\/index.php?rest_route=\/wp\/v2\/pages\/76\/revisions\/368"}],"wp:attachment":[{"href":"https:\/\/azms.ch\/index.php?rest_route=%2Fwp%2Fv2%2Fmedia&parent=76"}],"curies":[{"name":"wp","href":"https:\/\/api.w.org\/{rel}","templated":true}]}}