{"id":66,"date":"2022-08-22T15:44:23","date_gmt":"2022-08-22T15:44:23","guid":{"rendered":"https:\/\/azms.ch\/?page_id=66"},"modified":"2022-09-07T07:37:13","modified_gmt":"2022-09-07T07:37:13","slug":"definition-verhaltensstoerung-und-unerwuenschtes-verhalten","status":"publish","type":"page","link":"https:\/\/azms.ch\/?page_id=66","title":{"rendered":"Definition Verhaltensst\u00f6rung und unerw\u00fcnschtes Verhalten"},"content":{"rendered":"\n<p>Problemverhalten, st\u00f6rendes Verhalten, Verhaltensst\u00f6rung?<br>Was sind die Unterschiede?<br><br><strong>Was ist Problemverhalten?<\/strong><br>Problemverhalten erschweren bis verunm\u00f6glichen das Zusammenleben zwischen Heimtier und Mensch. Beispiel: Harnmarkieren ist normales Verhalten von Katzen. \u00dcblicherweise zeigen sie dieses Verhalten eher draussen. Beginnen Katzen jedoch im Haus drin mit Urin zu markieren, wird dieses Verhalten zum Problem \u2013 f\u00fcr Sie als Halter wie f\u00fcr die Katze.<br><br><strong>Was ist st\u00f6rendes Verhalten?<\/strong><br>St\u00f6rende Verhalten sind Verhalten aus dem normalen Repertoire eines Tieres, die auf Sie, den Halter, st\u00f6rend wirken. Beispiel: Krallenwetzen ist normales Verhalten von Katzen. F\u00fchrt eine Katze es jedoch an Ihrem Sofa aus, so ist es f\u00fcr Sie st\u00f6rend. Abhilfe schaffen attraktive Krallenwetzm\u00f6glichkeiten, beispielsweise ein Kratzbaum aus rauer Rinde oder Sisal.<br><br><strong>Was ist eine Verhaltensst\u00f6rung?<\/strong><br>Verhaltensst\u00f6rungen entstehen w\u00e4hrend der Jugendentwicklung eines Tieres, wenn ihm nicht die notwendigen artgerechten Bedingungen zur Verf\u00fcgung stehen. Beispiel: W\u00e4chst eine Rennmaus in den ersten drei Lebenswochen ohne sch\u00fctzende H\u00f6hle auf, entwickelt sie stereotypes Grabverhalten (ziel- und zweckloses Scharren in den K\u00e4figecken<\/p>\n\n\n\n<figure class=\"wp-block-gallery has-nested-images columns-default is-cropped wp-block-gallery-1 is-layout-flex wp-block-gallery-is-layout-flex\">\n<figure class=\"wp-block-image size-large\"><img loading=\"lazy\" decoding=\"async\" width=\"1610\" height=\"2048\" data-id=\"131\" src=\"https:\/\/azms.ch\/wp-content\/uploads\/2022\/08\/katze8.jpeg\" alt=\"\" class=\"wp-image-131\" srcset=\"https:\/\/azms.ch\/wp-content\/uploads\/2022\/08\/katze8.jpeg 1610w, https:\/\/azms.ch\/wp-content\/uploads\/2022\/08\/katze8-236x300.jpeg 236w, https:\/\/azms.ch\/wp-content\/uploads\/2022\/08\/katze8-805x1024.jpeg 805w, https:\/\/azms.ch\/wp-content\/uploads\/2022\/08\/katze8-768x977.jpeg 768w, https:\/\/azms.ch\/wp-content\/uploads\/2022\/08\/katze8-1208x1536.jpeg 1208w, https:\/\/azms.ch\/wp-content\/uploads\/2022\/08\/katze8-1200x1526.jpeg 1200w\" sizes=\"auto, (max-width: 1610px) 100vw, 1610px\" \/><\/figure>\n\n\n\n<figure class=\"wp-block-image size-large\"><img loading=\"lazy\" decoding=\"async\" width=\"1697\" height=\"2048\" data-id=\"88\" src=\"https:\/\/azms.ch\/wp-content\/uploads\/2022\/08\/WhatsApp-Image-2022-08-22-at-17.56.01.jpeg\" alt=\"\" class=\"wp-image-88\" srcset=\"https:\/\/azms.ch\/wp-content\/uploads\/2022\/08\/WhatsApp-Image-2022-08-22-at-17.56.01.jpeg 1697w, https:\/\/azms.ch\/wp-content\/uploads\/2022\/08\/WhatsApp-Image-2022-08-22-at-17.56.01-249x300.jpeg 249w, https:\/\/azms.ch\/wp-content\/uploads\/2022\/08\/WhatsApp-Image-2022-08-22-at-17.56.01-849x1024.jpeg 849w, https:\/\/azms.ch\/wp-content\/uploads\/2022\/08\/WhatsApp-Image-2022-08-22-at-17.56.01-768x927.jpeg 768w, https:\/\/azms.ch\/wp-content\/uploads\/2022\/08\/WhatsApp-Image-2022-08-22-at-17.56.01-1273x1536.jpeg 1273w, https:\/\/azms.ch\/wp-content\/uploads\/2022\/08\/WhatsApp-Image-2022-08-22-at-17.56.01-1200x1448.jpeg 1200w\" sizes=\"auto, (max-width: 1697px) 100vw, 1697px\" \/><\/figure>\n\n\n\n<figure class=\"wp-block-image size-large\"><img loading=\"lazy\" decoding=\"async\" width=\"605\" height=\"1124\" data-id=\"153\" src=\"https:\/\/azms.ch\/wp-content\/uploads\/2022\/08\/tiari.jpg\" alt=\"\" class=\"wp-image-153\" srcset=\"https:\/\/azms.ch\/wp-content\/uploads\/2022\/08\/tiari.jpg 605w, https:\/\/azms.ch\/wp-content\/uploads\/2022\/08\/tiari-161x300.jpg 161w, https:\/\/azms.ch\/wp-content\/uploads\/2022\/08\/tiari-551x1024.jpg 551w\" sizes=\"auto, (max-width: 605px) 100vw, 605px\" \/><\/figure>\n<\/figure>\n","protected":false},"excerpt":{"rendered":"<p>Problemverhalten, st\u00f6rendes Verhalten, Verhaltensst\u00f6rung?Was sind die Unterschiede? Was ist Problemverhalten?Problemverhalten erschweren bis verunm\u00f6glichen das Zusammenleben zwischen Heimtier und Mensch. Beispiel: Harnmarkieren ist normales Verhalten von Katzen. \u00dcblicherweise zeigen sie dieses Verhalten eher draussen. Beginnen Katzen jedoch im Haus drin mit Urin zu markieren, wird dieses Verhalten zum Problem \u2013 f\u00fcr Sie als Halter wie f\u00fcr [&hellip;]<\/p>\n","protected":false},"author":2,"featured_media":0,"parent":0,"menu_order":0,"comment_status":"closed","ping_status":"closed","template":"","meta":{"footnotes":""},"class_list":["post-66","page","type-page","status-publish","hentry"],"_links":{"self":[{"href":"https:\/\/azms.ch\/index.php?rest_route=\/wp\/v2\/pages\/66","targetHints":{"allow":["GET"]}}],"collection":[{"href":"https:\/\/azms.ch\/index.php?rest_route=\/wp\/v2\/pages"}],"about":[{"href":"https:\/\/azms.ch\/index.php?rest_route=\/wp\/v2\/types\/page"}],"author":[{"embeddable":true,"href":"https:\/\/azms.ch\/index.php?rest_route=\/wp\/v2\/users\/2"}],"replies":[{"embeddable":true,"href":"https:\/\/azms.ch\/index.php?rest_route=%2Fwp%2Fv2%2Fcomments&post=66"}],"version-history":[{"count":3,"href":"https:\/\/azms.ch\/index.php?rest_route=\/wp\/v2\/pages\/66\/revisions"}],"predecessor-version":[{"id":299,"href":"https:\/\/azms.ch\/index.php?rest_route=\/wp\/v2\/pages\/66\/revisions\/299"}],"wp:attachment":[{"href":"https:\/\/azms.ch\/index.php?rest_route=%2Fwp%2Fv2%2Fmedia&parent=66"}],"curies":[{"name":"wp","href":"https:\/\/api.w.org\/{rel}","templated":true}]}}