{"id":236,"date":"2022-08-30T08:41:30","date_gmt":"2022-08-30T08:41:30","guid":{"rendered":"https:\/\/azms.ch\/?page_id=236"},"modified":"2022-09-07T07:19:22","modified_gmt":"2022-09-07T07:19:22","slug":"unser-ziel-und-unsere-aufgabe","status":"publish","type":"page","link":"https:\/\/azms.ch\/?page_id=236","title":{"rendered":"Unser Ziel und unsere Aufgabe"},"content":{"rendered":"\n<p><strong><em>Unser Ziel ist es<\/em>,<\/strong> gemeinsam mit Mensch und Tier, unserem Fachwissen, Einf\u00fchlungsverm\u00f6gen und Geduld die bestm\u00f6gliche Strategie zum idealen Zusammenleben zu erarbeiten.<\/p>\n\n\n\n<p><strong><em>Unsere Aufgabe ist es<\/em>,<\/strong> durch eine genaue Analyse der Verhaltensweisen herausfinden, warum und wann sich das Verhalten zeigt. Oftmals handelt es sich um Kommunikationsprobleme und \/ oder Missverst\u00e4ndnisse in der Kommunikation. So individuell wie wir Menschen, sind unsere Tiere. Daher gibt es kein Patentrezept, um Probleme zu l\u00f6sen und es ist unsere Aufgabe die bestm\u00f6gliche L\u00f6sung f\u00fcr ein artgerechtes und entspanntes Zusammenleben zu finden.<\/p>\n\n\n\n<figure class=\"wp-block-gallery has-nested-images columns-default is-cropped wp-block-gallery-1 is-layout-flex wp-block-gallery-is-layout-flex\">\n<figure class=\"wp-block-image size-large\"><img loading=\"lazy\" decoding=\"async\" width=\"1645\" height=\"1720\" data-id=\"151\" src=\"https:\/\/azms.ch\/wp-content\/uploads\/2022\/08\/katze10.jpeg\" alt=\"\" class=\"wp-image-151\" srcset=\"https:\/\/azms.ch\/wp-content\/uploads\/2022\/08\/katze10.jpeg 1645w, https:\/\/azms.ch\/wp-content\/uploads\/2022\/08\/katze10-287x300.jpeg 287w, https:\/\/azms.ch\/wp-content\/uploads\/2022\/08\/katze10-979x1024.jpeg 979w, https:\/\/azms.ch\/wp-content\/uploads\/2022\/08\/katze10-768x803.jpeg 768w, https:\/\/azms.ch\/wp-content\/uploads\/2022\/08\/katze10-1469x1536.jpeg 1469w, https:\/\/azms.ch\/wp-content\/uploads\/2022\/08\/katze10-1200x1255.jpeg 1200w\" sizes=\"auto, (max-width: 1645px) 100vw, 1645px\" \/><\/figure>\n<\/figure>\n","protected":false},"excerpt":{"rendered":"<p>Unser Ziel ist es, gemeinsam mit Mensch und Tier, unserem Fachwissen, Einf\u00fchlungsverm\u00f6gen und Geduld die bestm\u00f6gliche Strategie zum idealen Zusammenleben zu erarbeiten. Unsere Aufgabe ist es, durch eine genaue Analyse der Verhaltensweisen herausfinden, warum und wann sich das Verhalten zeigt. Oftmals handelt es sich um Kommunikationsprobleme und \/ oder Missverst\u00e4ndnisse in der Kommunikation. So individuell [&hellip;]<\/p>\n","protected":false},"author":2,"featured_media":0,"parent":0,"menu_order":0,"comment_status":"closed","ping_status":"closed","template":"","meta":{"footnotes":""},"class_list":["post-236","page","type-page","status-publish","hentry"],"_links":{"self":[{"href":"https:\/\/azms.ch\/index.php?rest_route=\/wp\/v2\/pages\/236","targetHints":{"allow":["GET"]}}],"collection":[{"href":"https:\/\/azms.ch\/index.php?rest_route=\/wp\/v2\/pages"}],"about":[{"href":"https:\/\/azms.ch\/index.php?rest_route=\/wp\/v2\/types\/page"}],"author":[{"embeddable":true,"href":"https:\/\/azms.ch\/index.php?rest_route=\/wp\/v2\/users\/2"}],"replies":[{"embeddable":true,"href":"https:\/\/azms.ch\/index.php?rest_route=%2Fwp%2Fv2%2Fcomments&post=236"}],"version-history":[{"count":5,"href":"https:\/\/azms.ch\/index.php?rest_route=\/wp\/v2\/pages\/236\/revisions"}],"predecessor-version":[{"id":282,"href":"https:\/\/azms.ch\/index.php?rest_route=\/wp\/v2\/pages\/236\/revisions\/282"}],"wp:attachment":[{"href":"https:\/\/azms.ch\/index.php?rest_route=%2Fwp%2Fv2%2Fmedia&parent=236"}],"curies":[{"name":"wp","href":"https:\/\/api.w.org\/{rel}","templated":true}]}}