{"id":20,"date":"2022-08-21T17:28:47","date_gmt":"2022-08-21T17:28:47","guid":{"rendered":"https:\/\/azms.ch\/?page_id=20"},"modified":"2022-10-06T15:22:16","modified_gmt":"2022-10-06T15:22:16","slug":"kontakt","status":"publish","type":"page","link":"https:\/\/azms.ch\/?page_id=20","title":{"rendered":"Kontakt"},"content":{"rendered":"\n<p class=\"has-text-align-center has-accent-color has-background-background-color has-text-color has-background\">Wir freuen uns \u00fcber Deine E-Mail. Nach der ersten Kontaktaufnahme k\u00f6nnen wir gerne telefonisch oder pers\u00f6nlich miteinander sprechen.<br><br>Andrea Zanforlin: andrea@azms.ch  <br><br>Martina Schnyder: martina@azms.ch<\/p>\n\n\n\n<figure class=\"wp-block-gallery has-nested-images columns-default is-cropped wp-block-gallery-1 is-layout-flex wp-block-gallery-is-layout-flex\">\n<figure class=\"wp-block-image size-large\"><img loading=\"lazy\" decoding=\"async\" width=\"1385\" height=\"1037\" data-id=\"296\" src=\"https:\/\/azms.ch\/wp-content\/uploads\/2022\/09\/20220527_171754000_iOS-edited.jpg\" alt=\"\" class=\"wp-image-296\" srcset=\"https:\/\/azms.ch\/wp-content\/uploads\/2022\/09\/20220527_171754000_iOS-edited.jpg 1385w, https:\/\/azms.ch\/wp-content\/uploads\/2022\/09\/20220527_171754000_iOS-edited-300x225.jpg 300w, https:\/\/azms.ch\/wp-content\/uploads\/2022\/09\/20220527_171754000_iOS-edited-1024x767.jpg 1024w, https:\/\/azms.ch\/wp-content\/uploads\/2022\/09\/20220527_171754000_iOS-edited-768x575.jpg 768w, https:\/\/azms.ch\/wp-content\/uploads\/2022\/09\/20220527_171754000_iOS-edited-1200x898.jpg 1200w\" sizes=\"auto, (max-width: 1385px) 100vw, 1385px\" \/><\/figure>\n<\/figure>\n","protected":false},"excerpt":{"rendered":"<p>Wir freuen uns \u00fcber Deine E-Mail. Nach der ersten Kontaktaufnahme k\u00f6nnen wir gerne telefonisch oder pers\u00f6nlich miteinander sprechen. Andrea Zanforlin: andrea@azms.ch Martina Schnyder: martina@azms.ch<\/p>\n","protected":false},"author":2,"featured_media":0,"parent":0,"menu_order":0,"comment_status":"closed","ping_status":"closed","template":"","meta":{"footnotes":""},"class_list":["post-20","page","type-page","status-publish","hentry"],"_links":{"self":[{"href":"https:\/\/azms.ch\/index.php?rest_route=\/wp\/v2\/pages\/20","targetHints":{"allow":["GET"]}}],"collection":[{"href":"https:\/\/azms.ch\/index.php?rest_route=\/wp\/v2\/pages"}],"about":[{"href":"https:\/\/azms.ch\/index.php?rest_route=\/wp\/v2\/types\/page"}],"author":[{"embeddable":true,"href":"https:\/\/azms.ch\/index.php?rest_route=\/wp\/v2\/users\/2"}],"replies":[{"embeddable":true,"href":"https:\/\/azms.ch\/index.php?rest_route=%2Fwp%2Fv2%2Fcomments&post=20"}],"version-history":[{"count":10,"href":"https:\/\/azms.ch\/index.php?rest_route=\/wp\/v2\/pages\/20\/revisions"}],"predecessor-version":[{"id":332,"href":"https:\/\/azms.ch\/index.php?rest_route=\/wp\/v2\/pages\/20\/revisions\/332"}],"wp:attachment":[{"href":"https:\/\/azms.ch\/index.php?rest_route=%2Fwp%2Fv2%2Fmedia&parent=20"}],"curies":[{"name":"wp","href":"https:\/\/api.w.org\/{rel}","templated":true}]}}