{"id":19,"date":"2022-08-21T17:28:47","date_gmt":"2022-08-21T17:28:47","guid":{"rendered":"https:\/\/azms.ch\/?page_id=19"},"modified":"2024-01-23T10:43:16","modified_gmt":"2024-01-23T10:43:16","slug":"ueber-uns","status":"publish","type":"page","link":"https:\/\/azms.ch\/?page_id=19","title":{"rendered":"\u00dcber uns"},"content":{"rendered":"\n<p class=\"has-text-align-center\">U<em>ns beide verbindet eine langj\u00e4hrige Freundschaft. Wir lernten uns im Jahr 2007 an unserem Arbeitsplatz in der Pflege kennen. Da entdeckten wir viele Gemeinsamkeiten, unter anderem unsere Verbundenheit und Liebe zu den Tieren und der Natur. Wir haben die gleichen Ansichten-Ideen und sind somit auch in der Umsetzung einer Meinung. Bis heute sind wir ein unschlagbares Team und verstehen uns blindlings, was wir beide sehr sch\u00e4tzen.<\/em><\/p>\n\n\n\n<p><\/p>\n\n\n<div class=\"wp-block-image\">\n<figure class=\"alignleft size-medium\"><img loading=\"lazy\" decoding=\"async\" width=\"249\" height=\"300\" src=\"https:\/\/azms.ch\/wp-content\/uploads\/2022\/08\/WhatsApp-Image-2022-08-22-at-17.56.01-249x300.jpeg\" alt=\"\" class=\"wp-image-88\" srcset=\"https:\/\/azms.ch\/wp-content\/uploads\/2022\/08\/WhatsApp-Image-2022-08-22-at-17.56.01-249x300.jpeg 249w, https:\/\/azms.ch\/wp-content\/uploads\/2022\/08\/WhatsApp-Image-2022-08-22-at-17.56.01-849x1024.jpeg 849w, https:\/\/azms.ch\/wp-content\/uploads\/2022\/08\/WhatsApp-Image-2022-08-22-at-17.56.01-768x927.jpeg 768w, https:\/\/azms.ch\/wp-content\/uploads\/2022\/08\/WhatsApp-Image-2022-08-22-at-17.56.01-1273x1536.jpeg 1273w, https:\/\/azms.ch\/wp-content\/uploads\/2022\/08\/WhatsApp-Image-2022-08-22-at-17.56.01-1200x1448.jpeg 1200w, https:\/\/azms.ch\/wp-content\/uploads\/2022\/08\/WhatsApp-Image-2022-08-22-at-17.56.01.jpeg 1697w\" sizes=\"auto, (max-width: 249px) 100vw, 249px\" \/><\/figure>\n<\/div>\n\n\n<p>Mein Name ist <strong>Andrea Zanforlin<\/strong> und ich lebe mit meiner Familie in Sch\u00e4nis.<\/p>\n\n\n\n<p>Zu unserer Familie geh\u00f6ren Katzen, Kaninchen, Wachteln, Hamster, Fische, und diverse Reptilien,<\/p>\n\n\n\n<p>Schon immer waren Tiere ein grosser Bestandteil meines Lebens.<\/p>\n\n\n\n<p>Meine Kindheit und Jugend durfte ich mit meinen Rennm\u00e4usen, einem Nymphensittich, vielen Kaninchen, unserer Katze, unserem Hund, einigen Schafen, zwei Schweinen und meinem Pferd verbringen.<\/p>\n\n\n\n<p>Meine Eltern lehrten uns stets einen respektvollen Umgang mit unseren Tieren und daf\u00fcr bin ich ihnen sehr dankbar.<\/p>\n\n\n\n<p>Sp\u00e4ter, als ich dann auf eigenen Beinen stand, waren weiterhin die Tiere ein wichtiger Teil meines Lebens.<\/p>\n\n\n\n<p>Sind es meine eigenen Haustiere oder auch viele Pflegetiere, welche ich aufp\u00e4ppeln durfte, damit sie in ein neues Zuhause ziehen oder in die Freiheit zur\u00fcck entlassen werden konnten.<\/p>\n\n\n\n<p>Dadurch kam ich auch dazu als freiwillige Fahrerin f\u00fcr den Tierrettungsdient vom Tierheim Pf\u00f6tli in Winkel ehrenamtlich zu arbeiten. Bis zur Geburt unserer Tochter habe ich diese Aufgabe regelm\u00e4ssig wahrgenommen und mit Herzblut viele Tiere aus misslichen Lagen retten d\u00fcrfen.<\/p>\n\n\n\n<p>Durch diese Aufgabe habe ich auch sehr viele traurige Schicksale miterlebt und mit meiner Ausbildung zur Tierpsychologin m\u00f6chte ich gerne den Menschen und Tieren helfen.<\/p>\n\n\n\n<p>F\u00fcr ein besseres Miteinander, um das Verst\u00e4ndnis f\u00fcr die nat\u00fcrlichen Bed\u00fcrfnisse der Tiere zu f\u00f6rdern und somit eine artgerechte Haltung anzustreben. Das Ziel ist es die Ursachen von Verhaltensproblemen zu analysieren und eine Strategie zu entwickeln, um diese zu vermeiden.<\/p>\n\n\n\n<p>Ja, Tiere sprechen. Aber nur zu denen, die wissen, wie man sie h\u00f6ren kann\u2026<\/p>\n\n\n<div class=\"wp-block-image\">\n<figure class=\"aligncenter size-large\"><img loading=\"lazy\" decoding=\"async\" width=\"1024\" height=\"749\" src=\"https:\/\/azms.ch\/wp-content\/uploads\/2022\/08\/katze9-1024x749.jpeg\" alt=\"\" class=\"wp-image-228\" srcset=\"https:\/\/azms.ch\/wp-content\/uploads\/2022\/08\/katze9-1024x749.jpeg 1024w, https:\/\/azms.ch\/wp-content\/uploads\/2022\/08\/katze9-300x220.jpeg 300w, https:\/\/azms.ch\/wp-content\/uploads\/2022\/08\/katze9-768x562.jpeg 768w, https:\/\/azms.ch\/wp-content\/uploads\/2022\/08\/katze9-1536x1124.jpeg 1536w, https:\/\/azms.ch\/wp-content\/uploads\/2022\/08\/katze9-1200x878.jpeg 1200w, https:\/\/azms.ch\/wp-content\/uploads\/2022\/08\/katze9.jpeg 1897w\" sizes=\"auto, (max-width: 1024px) 100vw, 1024px\" \/><\/figure>\n<\/div>\n\n\n<p><\/p>\n\n\n<div class=\"wp-block-image\">\n<figure class=\"alignright is-resized\"><img loading=\"lazy\" decoding=\"async\" width=\"576\" height=\"1024\" src=\"https:\/\/azms.ch\/wp-content\/uploads\/2022\/08\/20220811_080228023_iOS-1-576x1024.jpg\" alt=\"\" class=\"wp-image-58\" style=\"width:288px;height:512px\" srcset=\"https:\/\/azms.ch\/wp-content\/uploads\/2022\/08\/20220811_080228023_iOS-1-576x1024.jpg 576w, https:\/\/azms.ch\/wp-content\/uploads\/2022\/08\/20220811_080228023_iOS-1-169x300.jpg 169w, https:\/\/azms.ch\/wp-content\/uploads\/2022\/08\/20220811_080228023_iOS-1-768x1365.jpg 768w, https:\/\/azms.ch\/wp-content\/uploads\/2022\/08\/20220811_080228023_iOS-1-864x1536.jpg 864w, https:\/\/azms.ch\/wp-content\/uploads\/2022\/08\/20220811_080228023_iOS-1-1153x2048.jpg 1153w, https:\/\/azms.ch\/wp-content\/uploads\/2022\/08\/20220811_080228023_iOS-1-1200x2132.jpg 1200w, https:\/\/azms.ch\/wp-content\/uploads\/2022\/08\/20220811_080228023_iOS-1-1980x3518.jpg 1980w, https:\/\/azms.ch\/wp-content\/uploads\/2022\/08\/20220811_080228023_iOS-1-scaled.jpg 1441w\" sizes=\"auto, (max-width: 576px) 100vw, 576px\" \/><\/figure>\n<\/div>\n\n\n<p>Ich heisse <strong>Martina Schnyder<\/strong>. Zusammen mit meinem Mann und all unseren Haustieren leben wir in Tuggen. Unseren Alltag bereichern unsere drei Hunde, unsere Meerschweinchen Gruppe und auch ein Aquarium hat bei uns sein Zuhause gefunden. <\/p>\n\n\n\n<p>Als Kind hatten wir Nymphensittiche, Meerschweinchen, Zwergkaninchen, Rennm\u00e4use, Hamster und Hunde. Unser erster Hund war Vanja, eine Cocker Spaniel Mischlingsdame, welche wir mit j\u00e4hrig \u00fcbernahmen. Von da an sind Hunde f\u00fcr mich meine t\u00e4glichen und nicht wegzudenkenden Begleiter. Mittlerweile habe ich seit \u00fcber 25 Jahren mindestens eine so treue Seele an meiner Seite.<\/p>\n\n\n\n<p>T\u00e4glich kann ich meinen Rucksack mit Wissen \u00fcber das Verhalten von Hunden und allgemein von Tieren f\u00fcllen. Dank der Ausbildung zur Tierpsychologin habe ich nochmals sehr viel \u00fcber die Feinheiten unserer tierischen Begleiter lernen d\u00fcrfen. Auch bin ich nochmals st\u00e4rker sensibilisiert auf mein Umfeld. Ich finde es enorm spannend wie klar und verst\u00e4ndlich die Tiere sich mitteilen. Traurig finde ich, dass so oft die Sprache vom Gegen\u00fcber nicht verstanden, oder nicht einmal wahrgenommen wird.  <\/p>\n\n\n\n<p>Wenn ich durch mein Wissen und meine Erfahrungen einem Team zu einem angenehmeren Alltag verhelfen kann, oder einfach neue Inputs und Betrachtungswinkel aufzeigen kann, macht mich das gl\u00fccklich. <\/p>\n\n\n\n<figure class=\"wp-block-image size-large\"><img loading=\"lazy\" decoding=\"async\" width=\"1024\" height=\"768\" src=\"https:\/\/azms.ch\/wp-content\/uploads\/2022\/08\/20220515_044150000_iOS-1024x768.jpg\" alt=\"\" class=\"wp-image-59\" srcset=\"https:\/\/azms.ch\/wp-content\/uploads\/2022\/08\/20220515_044150000_iOS-1024x768.jpg 1024w, https:\/\/azms.ch\/wp-content\/uploads\/2022\/08\/20220515_044150000_iOS-300x225.jpg 300w, https:\/\/azms.ch\/wp-content\/uploads\/2022\/08\/20220515_044150000_iOS-768x576.jpg 768w, https:\/\/azms.ch\/wp-content\/uploads\/2022\/08\/20220515_044150000_iOS-1536x1152.jpg 1536w, https:\/\/azms.ch\/wp-content\/uploads\/2022\/08\/20220515_044150000_iOS-1200x900.jpg 1200w, https:\/\/azms.ch\/wp-content\/uploads\/2022\/08\/20220515_044150000_iOS-1980x1485.jpg 1980w, https:\/\/azms.ch\/wp-content\/uploads\/2022\/08\/20220515_044150000_iOS.jpg 2048w\" sizes=\"auto, (max-width: 1024px) 100vw, 1024px\" \/><\/figure>\n","protected":false},"excerpt":{"rendered":"<p>Uns beide verbindet eine langj\u00e4hrige Freundschaft. Wir lernten uns im Jahr 2007 an unserem Arbeitsplatz in der Pflege kennen. Da entdeckten wir viele Gemeinsamkeiten, unter anderem unsere Verbundenheit und Liebe zu den Tieren und der Natur. Wir haben die gleichen Ansichten-Ideen und sind somit auch in der Umsetzung einer Meinung. Bis heute sind wir ein [&hellip;]<\/p>\n","protected":false},"author":2,"featured_media":0,"parent":0,"menu_order":0,"comment_status":"closed","ping_status":"closed","template":"","meta":{"footnotes":""},"class_list":["post-19","page","type-page","status-publish","hentry"],"_links":{"self":[{"href":"https:\/\/azms.ch\/index.php?rest_route=\/wp\/v2\/pages\/19","targetHints":{"allow":["GET"]}}],"collection":[{"href":"https:\/\/azms.ch\/index.php?rest_route=\/wp\/v2\/pages"}],"about":[{"href":"https:\/\/azms.ch\/index.php?rest_route=\/wp\/v2\/types\/page"}],"author":[{"embeddable":true,"href":"https:\/\/azms.ch\/index.php?rest_route=\/wp\/v2\/users\/2"}],"replies":[{"embeddable":true,"href":"https:\/\/azms.ch\/index.php?rest_route=%2Fwp%2Fv2%2Fcomments&post=19"}],"version-history":[{"count":12,"href":"https:\/\/azms.ch\/index.php?rest_route=\/wp\/v2\/pages\/19\/revisions"}],"predecessor-version":[{"id":373,"href":"https:\/\/azms.ch\/index.php?rest_route=\/wp\/v2\/pages\/19\/revisions\/373"}],"wp:attachment":[{"href":"https:\/\/azms.ch\/index.php?rest_route=%2Fwp%2Fv2%2Fmedia&parent=19"}],"curies":[{"name":"wp","href":"https:\/\/api.w.org\/{rel}","templated":true}]}}